{"id":96,"date":"2026-04-19T20:26:07","date_gmt":"2026-04-19T20:26:07","guid":{"rendered":"https:\/\/immydesigns.se\/index.php\/om-oss\/"},"modified":"2026-04-19T20:26:17","modified_gmt":"2026-04-19T20:26:17","slug":"om-oss","status":"publish","type":"page","link":"https:\/\/immydesigns.se\/index.php\/om-oss\/","title":{"rendered":"Om oss"},"content":{"rendered":"\t\t<div data-elementor-type=\"wp-page\" data-elementor-id=\"96\" class=\"elementor elementor-96\">\n\t\t\t\t<div class=\"elementor-element elementor-element-d445f14 e-flex e-con-boxed e-con e-parent\" data-id=\"d445f14\" data-element_type=\"container\" data-e-type=\"container\" data-settings=\"{&quot;background_background&quot;:&quot;classic&quot;}\">\n\t\t\t\t\t<div class=\"e-con-inner\">\n\t\t\t\t<div class=\"elementor-element elementor-element-7a70705 elementor-widget elementor-widget-heading\" data-id=\"7a70705\" data-element_type=\"widget\" data-e-type=\"widget\" data-widget_type=\"heading.default\">\n\t\t\t\t\t<h5 class=\"elementor-heading-title elementor-size-default\">Elegant Hantverk<\/h5>\t\t\t\t<\/div>\n\t\t\t\t<div class=\"elementor-element elementor-element-31f1e83 elementor-widget elementor-widget-heading\" data-id=\"31f1e83\" data-element_type=\"widget\" data-e-type=\"widget\" data-widget_type=\"heading.default\">\n\t\t\t\t\t<h2 class=\"elementor-heading-title elementor-size-default\">Unika G\u00e5vor f\u00f6r Speciella Tillf\u00e4llen<\/h2>\t\t\t\t<\/div>\n\t\t\t\t<div class=\"elementor-element elementor-element-e27c2ca elementor-widget__width-initial elementor-widget elementor-widget-text-editor\" data-id=\"e27c2ca\" data-element_type=\"widget\" data-e-type=\"widget\" data-widget_type=\"text-editor.default\">\n\t\t\t\t\t\t\t\t\t<p>V\u00e4lkommen till ImmyDesigns &#8211; din destination f\u00f6r lyxiga, handgjorda presenter. V\u00e5ra noggrant utvalda produkter, fr\u00e5n doftljus till eleganta presentboxar, \u00e4r skapade f\u00f6r att imponera och f\u00f6rdjupa upplevelser.<\/p>\t\t\t\t\t\t\t\t<\/div>\n\t\t<div class=\"elementor-element elementor-element-8845d9f e-con-full e-flex e-con e-child\" data-id=\"8845d9f\" data-element_type=\"container\" data-e-type=\"container\">\n\t\t\t\t<div class=\"elementor-element elementor-element-7c77787 elementor-widget__width-auto elementor-mobile-align-right elementor-widget elementor-widget-button\" data-id=\"7c77787\" data-element_type=\"widget\" data-e-type=\"widget\" data-widget_type=\"button.default\">\n\t\t\t\t\t\t\t\t\t\t<a class=\"elementor-button elementor-button-link elementor-size-sm\" href=\"#\">\n\t\t\t\t\t\t<span class=\"elementor-button-content-wrapper\">\n\t\t\t\t\t\t\t\t\t<span class=\"elementor-button-text\">Utforska Nu<\/span>\n\t\t\t\t\t<\/span>\n\t\t\t\t\t<\/a>\n\t\t\t\t\t\t\t\t<\/div>\n\t\t\t\t<div class=\"elementor-element elementor-element-78bab11 elementor-widget__width-auto elementor-mobile-align-right elementor-widget elementor-widget-button\" data-id=\"78bab11\" data-element_type=\"widget\" data-e-type=\"widget\" data-widget_type=\"button.default\">\n\t\t\t\t\t\t\t\t\t\t<a class=\"elementor-button elementor-button-link elementor-size-sm\" href=\"#\">\n\t\t\t\t\t\t<span class=\"elementor-button-content-wrapper\">\n\t\t\t\t\t\t\t\t\t<span class=\"elementor-button-text\">L\u00e4r K\u00e4nna Oss<\/span>\n\t\t\t\t\t<\/span>\n\t\t\t\t\t<\/a>\n\t\t\t\t\t\t\t\t<\/div>\n\t\t\t\t<\/div>\n\t\t\t\t\t<\/div>\n\t\t\t\t<\/div>\n\t\t<div class=\"elementor-element elementor-element-8cceaa4 e-flex e-con-boxed e-con e-parent\" data-id=\"8cceaa4\" data-element_type=\"container\" data-e-type=\"container\" data-settings=\"{&quot;background_background&quot;:&quot;classic&quot;}\">\n\t\t\t\t\t<div class=\"e-con-inner\">\n\t\t<div class=\"elementor-element elementor-element-76e2a1e e-con-full e-flex e-con e-child\" data-id=\"76e2a1e\" data-element_type=\"container\" data-e-type=\"container\">\n\t\t\t\t<div class=\"elementor-element elementor-element-145049d elementor-widget elementor-widget-image\" data-id=\"145049d\" data-element_type=\"widget\" data-e-type=\"widget\" data-widget_type=\"image.default\">\n\t\t\t\t\t\t\t\t\t\t\t\t\t\t\t<img fetchpriority=\"high\" decoding=\"async\" width=\"1920\" height=\"1080\" src=\"https:\/\/immydesigns.se\/wp-content\/uploads\/2026\/04\/placeholder-demo-image-scaled-1.jpg\" class=\"attachment-full size-full wp-image-111\" alt=\"\" srcset=\"https:\/\/immydesigns.se\/wp-content\/uploads\/2026\/04\/placeholder-demo-image-scaled-1.jpg 1920w, https:\/\/immydesigns.se\/wp-content\/uploads\/2026\/04\/placeholder-demo-image-scaled-1-300x169.jpg 300w, https:\/\/immydesigns.se\/wp-content\/uploads\/2026\/04\/placeholder-demo-image-scaled-1-1024x576.jpg 1024w, https:\/\/immydesigns.se\/wp-content\/uploads\/2026\/04\/placeholder-demo-image-scaled-1-768x432.jpg 768w, https:\/\/immydesigns.se\/wp-content\/uploads\/2026\/04\/placeholder-demo-image-scaled-1-1536x864.jpg 1536w, https:\/\/immydesigns.se\/wp-content\/uploads\/2026\/04\/placeholder-demo-image-scaled-1-1320x743.jpg 1320w, https:\/\/immydesigns.se\/wp-content\/uploads\/2026\/04\/placeholder-demo-image-scaled-1-600x338.jpg 600w\" sizes=\"(max-width: 1920px) 100vw, 1920px\" \/>\t\t\t\t\t\t\t\t\t\t\t\t\t\t\t<\/div>\n\t\t\t\t<div class=\"elementor-element elementor-element-86837cf elementor-widget elementor-widget-heading\" data-id=\"86837cf\" data-element_type=\"widget\" data-e-type=\"widget\" data-widget_type=\"heading.default\">\n\t\t\t\t\t<h2 class=\"elementor-heading-title elementor-size-default\">V\u00e5r Historia<\/h2>\t\t\t\t<\/div>\n\t\t\t\t<div class=\"elementor-element elementor-element-f1d9bd3 elementor-widget elementor-widget-text-editor\" data-id=\"f1d9bd3\" data-element_type=\"widget\" data-e-type=\"widget\" data-widget_type=\"text-editor.default\">\n\t\t\t\t\t\t\t\t\t<p>V\u00e5rt f\u00f6retag grundades ur en passion f\u00f6r att skapa lyxiga och handgjorda presenter. Vi har vuxit genom \u00e5ren, men v\u00e5r k\u00e4rna f\u00f6rblir of\u00f6r\u00e4ndrad: att erbjuda produkter av h\u00f6gsta kvalitet som k\u00e4nns personliga och unika.<\/p>\t\t\t\t\t\t\t\t<\/div>\n\t\t\t\t<\/div>\n\t\t<div class=\"elementor-element elementor-element-c85416d e-con-full e-flex e-con e-child\" data-id=\"c85416d\" data-element_type=\"container\" data-e-type=\"container\">\n\t\t\t\t<div class=\"elementor-element elementor-element-4aad455 elementor-widget elementor-widget-image\" data-id=\"4aad455\" data-element_type=\"widget\" data-e-type=\"widget\" data-widget_type=\"image.default\">\n\t\t\t\t\t\t\t\t\t\t\t\t\t\t\t<img fetchpriority=\"high\" decoding=\"async\" width=\"1920\" height=\"1080\" src=\"https:\/\/immydesigns.se\/wp-content\/uploads\/2026\/04\/placeholder-demo-image-scaled-1.jpg\" class=\"attachment-full size-full wp-image-111\" alt=\"\" srcset=\"https:\/\/immydesigns.se\/wp-content\/uploads\/2026\/04\/placeholder-demo-image-scaled-1.jpg 1920w, https:\/\/immydesigns.se\/wp-content\/uploads\/2026\/04\/placeholder-demo-image-scaled-1-300x169.jpg 300w, https:\/\/immydesigns.se\/wp-content\/uploads\/2026\/04\/placeholder-demo-image-scaled-1-1024x576.jpg 1024w, https:\/\/immydesigns.se\/wp-content\/uploads\/2026\/04\/placeholder-demo-image-scaled-1-768x432.jpg 768w, https:\/\/immydesigns.se\/wp-content\/uploads\/2026\/04\/placeholder-demo-image-scaled-1-1536x864.jpg 1536w, https:\/\/immydesigns.se\/wp-content\/uploads\/2026\/04\/placeholder-demo-image-scaled-1-1320x743.jpg 1320w, https:\/\/immydesigns.se\/wp-content\/uploads\/2026\/04\/placeholder-demo-image-scaled-1-600x338.jpg 600w\" sizes=\"(max-width: 1920px) 100vw, 1920px\" \/>\t\t\t\t\t\t\t\t\t\t\t\t\t\t\t<\/div>\n\t\t\t\t<div class=\"elementor-element elementor-element-9e9b6e3 elementor-widget elementor-widget-heading\" data-id=\"9e9b6e3\" data-element_type=\"widget\" data-e-type=\"widget\" data-widget_type=\"heading.default\">\n\t\t\t\t\t<h2 class=\"elementor-heading-title elementor-size-default\">V\u00e4rderingar och Vision<\/h2>\t\t\t\t<\/div>\n\t\t\t\t<div class=\"elementor-element elementor-element-7593af4 elementor-widget elementor-widget-text-editor\" data-id=\"7593af4\" data-element_type=\"widget\" data-e-type=\"widget\" data-widget_type=\"text-editor.default\">\n\t\t\t\t\t\t\t\t\t<p>Vi str\u00e4var efter att kombinera hantverk med elegans. V\u00e5rt fokus ligger p\u00e5 exklusivitet, d\u00e4r varje produkt ber\u00e4ttar en historia och skapar minnen f\u00f6r v\u00e5ra kunder. Hantverket \u00e4r k\u00e4rnan i v\u00e5r verksamhet och vi \u00e4r stolta \u00f6ver att erbjuda unika skapelser.<\/p>\t\t\t\t\t\t\t\t<\/div>\n\t\t\t\t<\/div>\n\t\t\t\t\t<\/div>\n\t\t\t\t<\/div>\n\t\t<div class=\"elementor-element elementor-element-1a84f19 e-flex e-con-boxed e-con e-parent\" data-id=\"1a84f19\" data-element_type=\"container\" data-e-type=\"container\">\n\t\t\t\t\t<div class=\"e-con-inner\">\n\t\t\t\t<div class=\"elementor-element elementor-element-248dac7 elementor-widget elementor-widget-heading\" data-id=\"248dac7\" data-element_type=\"widget\" data-e-type=\"widget\" data-widget_type=\"heading.default\">\n\t\t\t\t\t<h2 class=\"elementor-heading-title elementor-size-default\">V\u00e5rt team<\/h2>\t\t\t\t<\/div>\n\t\t\t\t<div class=\"elementor-element elementor-element-89e3156 elementor-widget elementor-widget-heading\" data-id=\"89e3156\" data-element_type=\"widget\" data-e-type=\"widget\" data-widget_type=\"heading.default\">\n\t\t\t\t\t<h5 class=\"elementor-heading-title elementor-size-default\">M\u00f6t passionerade individer som skapar v\u00e5ra unika hantverk.<\/h5>\t\t\t\t<\/div>\n\t\t\t\t\t<\/div>\n\t\t\t\t<\/div>\n\t\t<div class=\"elementor-element elementor-element-782f5db e-flex e-con-boxed e-con e-parent\" data-id=\"782f5db\" data-element_type=\"container\" data-e-type=\"container\">\n\t\t\t\t\t<div class=\"e-con-inner\">\n\t\t\t\t<div class=\"elementor-element elementor-element-cedb661 elementor-widget elementor-widget-nested-carousel\" data-id=\"cedb661\" data-element_type=\"widget\" data-e-type=\"widget\" data-widget_type=\"nested-carousel.default\">\n\t\t\t\t<div class=\"elementor-widget-container\">\n\t\t\t\t\t \t\t\t\t<\/div>\n\t\t\t\t<\/div>\n\t\t\t\t\t<\/div>\n\t\t\t\t<\/div>\n\t\t<div class=\"elementor-element elementor-element-68ca773 e-flex e-con-boxed e-con e-parent\" data-id=\"68ca773\" data-element_type=\"container\" data-e-type=\"container\" data-settings=\"{&quot;background_background&quot;:&quot;classic&quot;}\">\n\t\t\t\t\t<div class=\"e-con-inner\">\n\t\t<div class=\"elementor-element elementor-element-ca047e2 e-con-full e-flex e-con e-child\" data-id=\"ca047e2\" data-element_type=\"container\" data-e-type=\"container\">\n\t\t\t\t<div class=\"elementor-element elementor-element-eeba2e9 elementor-widget elementor-widget-heading\" data-id=\"eeba2e9\" data-element_type=\"widget\" data-e-type=\"widget\" data-widget_type=\"heading.default\">\n\t\t\t\t\t<h2 class=\"elementor-heading-title elementor-size-default\">Eleganta v\u00e4rden som definierar oss<\/h2>\t\t\t\t<\/div>\n\t\t\t\t<div class=\"elementor-element elementor-element-74daa8a elementor-widget elementor-widget-text-editor\" data-id=\"74daa8a\" data-element_type=\"widget\" data-e-type=\"widget\" data-widget_type=\"text-editor.default\">\n\t\t\t\t\t\t\t\t\t<p>Vi fr\u00e4mjar lyxiga, handgjorda presenter med en passion f\u00f6r kvalitet och skickligt hantverk. V\u00e5rt \u00e5tagande genomsyrar allt vi g\u00f6r och \u00e5terspeglas i varje unik produkt. H\u00e5llbarhet, elegans och anpassning \u00e4r k\u00e4rnan i v\u00e5r verksamhet.<\/p>\t\t\t\t\t\t\t\t<\/div>\n\t\t<div class=\"elementor-element elementor-element-63af87f e-flex e-con-boxed e-con e-child\" data-id=\"63af87f\" data-element_type=\"container\" data-e-type=\"container\">\n\t\t\t\t\t<div class=\"e-con-inner\">\n\t\t\t\t<div class=\"elementor-element elementor-element-4a4bd3f elementor-widget__width-auto elementor-widget elementor-widget-button\" data-id=\"4a4bd3f\" data-element_type=\"widget\" data-e-type=\"widget\" data-widget_type=\"button.default\">\n\t\t\t\t\t\t\t\t\t\t<a class=\"elementor-button elementor-button-link elementor-size-sm\" href=\"#\">\n\t\t\t\t\t\t<span class=\"elementor-button-content-wrapper\">\n\t\t\t\t\t\t\t\t\t<span class=\"elementor-button-text\">L\u00e4s mer<\/span>\n\t\t\t\t\t<\/span>\n\t\t\t\t\t<\/a>\n\t\t\t\t\t\t\t\t<\/div>\n\t\t\t\t\t<\/div>\n\t\t\t\t<\/div>\n\t\t\t\t<\/div>\n\t\t<div class=\"elementor-element elementor-element-5f41a01 e-con-full e-flex e-con e-child\" data-id=\"5f41a01\" data-element_type=\"container\" data-e-type=\"container\">\n\t\t\t\t<div class=\"elementor-element elementor-element-54cd6c4 elementor-widget elementor-widget-image\" data-id=\"54cd6c4\" data-element_type=\"widget\" data-e-type=\"widget\" data-widget_type=\"image.default\">\n\t\t\t\t\t\t\t\t\t\t\t\t\t\t\t<img decoding=\"async\" width=\"1920\" height=\"1080\" src=\"https:\/\/immydesigns.se\/wp-content\/uploads\/2026\/04\/placeholder-demo-image-marquee-616x400-1.jpg\" class=\"attachment-full size-full wp-image-43\" alt=\"\" srcset=\"https:\/\/immydesigns.se\/wp-content\/uploads\/2026\/04\/placeholder-demo-image-marquee-616x400-1.jpg 1920w, https:\/\/immydesigns.se\/wp-content\/uploads\/2026\/04\/placeholder-demo-image-marquee-616x400-1-600x338.jpg 600w, https:\/\/immydesigns.se\/wp-content\/uploads\/2026\/04\/placeholder-demo-image-marquee-616x400-1-300x169.jpg 300w, https:\/\/immydesigns.se\/wp-content\/uploads\/2026\/04\/placeholder-demo-image-marquee-616x400-1-1024x576.jpg 1024w, https:\/\/immydesigns.se\/wp-content\/uploads\/2026\/04\/placeholder-demo-image-marquee-616x400-1-768x432.jpg 768w, https:\/\/immydesigns.se\/wp-content\/uploads\/2026\/04\/placeholder-demo-image-marquee-616x400-1-1536x864.jpg 1536w\" sizes=\"(max-width: 1920px) 100vw, 1920px\" \/>\t\t\t\t\t\t\t\t\t\t\t\t\t\t\t<\/div>\n\t\t\t\t<\/div>\n\t\t\t\t\t<\/div>\n\t\t\t\t<\/div>\n\t\t<div class=\"elementor-element elementor-element-7b98230 e-flex e-con-boxed e-con e-parent\" data-id=\"7b98230\" data-element_type=\"container\" data-e-type=\"container\">\n\t\t\t\t\t<div class=\"e-con-inner\">\n\t\t<div class=\"elementor-element elementor-element-3d09171 e-con-full e-flex e-con e-child\" data-id=\"3d09171\" data-element_type=\"container\" data-e-type=\"container\" data-settings=\"{&quot;background_background&quot;:&quot;classic&quot;}\">\n\t\t\t\t<div class=\"elementor-element elementor-element-680bce5 elementor-absolute elementor-widget-divider--view-line elementor-widget elementor-widget-divider\" data-id=\"680bce5\" data-element_type=\"widget\" data-e-type=\"widget\" data-settings=\"{&quot;_position&quot;:&quot;absolute&quot;}\" data-widget_type=\"divider.default\">\n\t\t\t\t\t\t\t<div class=\"elementor-divider\">\n\t\t\t<span class=\"elementor-divider-separator\">\n\t\t\t\t\t\t<\/span>\n\t\t<\/div>\n\t\t\t\t\t\t<\/div>\n\t\t\t\t<div class=\"elementor-element elementor-element-e08f496 elementor-absolute elementor-widget-divider--view-line elementor-widget elementor-widget-divider\" data-id=\"e08f496\" data-element_type=\"widget\" data-e-type=\"widget\" data-settings=\"{&quot;_position&quot;:&quot;absolute&quot;}\" data-widget_type=\"divider.default\">\n\t\t\t\t\t\t\t<div class=\"elementor-divider\">\n\t\t\t<span class=\"elementor-divider-separator\">\n\t\t\t\t\t\t<\/span>\n\t\t<\/div>\n\t\t\t\t\t\t<\/div>\n\t\t\t\t<div class=\"elementor-element elementor-element-e9ae5ac elementor-widget__width-auto elementor-widget-tablet__width-inherit elementor-widget elementor-widget-heading\" data-id=\"e9ae5ac\" data-element_type=\"widget\" data-e-type=\"widget\" data-widget_type=\"heading.default\">\n\t\t\t\t\t<h2 class=\"elementor-heading-title elementor-size-default\">F\u00f6lj oss och uppt\u00e4ck mer<\/h2>\t\t\t\t<\/div>\n\t\t\t\t<div class=\"elementor-element elementor-element-aec8651 elementor-widget__width-inherit elementor-widget elementor-widget-text-editor\" data-id=\"aec8651\" data-element_type=\"widget\" data-e-type=\"widget\" data-widget_type=\"text-editor.default\">\n\t\t\t\t\t\t\t\t\t<p>G\u00f6r varje \u00f6gonblick minnesv\u00e4rt med v\u00e5ra handgjorda lyxprodukter. Uppt\u00e4ck smaker, dofter och stil som f\u00e5r din vardag att gl\u00e4nsa. Prenumerera p\u00e5 v\u00e5rt nyhetsbrev eller f\u00f6lj oss p\u00e5 sociala medier f\u00f6r att inte missa v\u00e5ra senaste erbjudanden och inspiration.<\/p>\t\t\t\t\t\t\t\t<\/div>\n\t\t<div class=\"elementor-element elementor-element-af009f9 e-flex e-con-boxed e-con e-child\" data-id=\"af009f9\" data-element_type=\"container\" data-e-type=\"container\">\n\t\t\t\t\t<div class=\"e-con-inner\">\n\t\t\t\t<div class=\"elementor-element elementor-element-463bd1e elementor-widget__width-auto elementor-widget elementor-widget-button\" data-id=\"463bd1e\" data-element_type=\"widget\" data-e-type=\"widget\" data-widget_type=\"button.default\">\n\t\t\t\t\t\t\t\t\t\t<a class=\"elementor-button elementor-button-link elementor-size-sm\" href=\"#\">\n\t\t\t\t\t\t<span class=\"elementor-button-content-wrapper\">\n\t\t\t\t\t\t\t\t\t<span class=\"elementor-button-text\">Prenumerera<\/span>\n\t\t\t\t\t<\/span>\n\t\t\t\t\t<\/a>\n\t\t\t\t\t\t\t\t<\/div>\n\t\t\t\t<div class=\"elementor-element elementor-element-25df459 elementor-widget__width-auto elementor-widget elementor-widget-button\" data-id=\"25df459\" data-element_type=\"widget\" data-e-type=\"widget\" data-widget_type=\"button.default\">\n\t\t\t\t\t\t\t\t\t\t<a class=\"elementor-button elementor-button-link elementor-size-sm\" href=\"#\">\n\t\t\t\t\t\t<span class=\"elementor-button-content-wrapper\">\n\t\t\t\t\t\t\t\t\t<span class=\"elementor-button-text\">F\u00f6lj oss<\/span>\n\t\t\t\t\t<\/span>\n\t\t\t\t\t<\/a>\n\t\t\t\t\t\t\t\t<\/div>\n\t\t\t\t\t<\/div>\n\t\t\t\t<\/div>\n\t\t\t\t<\/div>\n\t\t\t\t\t<\/div>\n\t\t\t\t<\/div>\n\t\t\t\t<\/div>\n\t\t","protected":false},"excerpt":{"rendered":"<p>Elegant Hantverk Unika G\u00e5vor f\u00f6r Speciella Tillf\u00e4llen V\u00e4lkommen till ImmyDesigns &#8211; din destination f\u00f6r lyxiga, handgjorda presenter. V\u00e5ra noggrant utvalda produkter, fr\u00e5n doftljus till eleganta presentboxar, \u00e4r skapade f\u00f6r att imponera och f\u00f6rdjupa upplevelser. Utforska Nu L\u00e4r K\u00e4nna Oss V\u00e5r Historia V\u00e5rt f\u00f6retag grundades ur en passion f\u00f6r att skapa lyxiga och handgjorda presenter. Vi [&hellip;]<\/p>\n","protected":false},"author":1,"featured_media":0,"parent":0,"menu_order":0,"comment_status":"closed","ping_status":"closed","template":"","meta":{"footnotes":""},"class_list":["post-96","page","type-page","status-publish","hentry"],"jetpack_sharing_enabled":true,"_links":{"self":[{"href":"https:\/\/immydesigns.se\/index.php\/wp-json\/wp\/v2\/pages\/96","targetHints":{"allow":["GET"]}}],"collection":[{"href":"https:\/\/immydesigns.se\/index.php\/wp-json\/wp\/v2\/pages"}],"about":[{"href":"https:\/\/immydesigns.se\/index.php\/wp-json\/wp\/v2\/types\/page"}],"author":[{"embeddable":true,"href":"https:\/\/immydesigns.se\/index.php\/wp-json\/wp\/v2\/users\/1"}],"replies":[{"embeddable":true,"href":"https:\/\/immydesigns.se\/index.php\/wp-json\/wp\/v2\/comments?post=96"}],"version-history":[{"count":1,"href":"https:\/\/immydesigns.se\/index.php\/wp-json\/wp\/v2\/pages\/96\/revisions"}],"predecessor-version":[{"id":122,"href":"https:\/\/immydesigns.se\/index.php\/wp-json\/wp\/v2\/pages\/96\/revisions\/122"}],"wp:attachment":[{"href":"https:\/\/immydesigns.se\/index.php\/wp-json\/wp\/v2\/media?parent=96"}],"curies":[{"name":"wp","href":"https:\/\/api.w.org\/{rel}","templated":true}]}}